{"id":1163,"date":"2018-06-26T16:19:00","date_gmt":"2018-06-26T14:19:00","guid":{"rendered":"http:\/\/fedegraziani.it\/pagina-di-esempio\/"},"modified":"2025-12-18T12:10:28","modified_gmt":"2025-12-18T11:10:28","slug":"pagina-di-esempio","status":"publish","type":"page","link":"https:\/\/fedegraziani.it\/en\/","title":{"rendered":"Homepage"},"content":{"rendered":"<div class=\"wpb-content-wrapper\"><p>[vc_row row_height_percent=&#8221;100&#8243; back_color=&#8221;color-prif&#8221; back_image=&#8221;1620&#8243; overlay_color=&#8221;color-jevc&#8221; overlay_alpha=&#8221;40&#8243; gutter_size=&#8221;4&#8243; column_width_percent=&#8221;100&#8243; shift_y=&#8221;0&#8243; z_index=&#8221;0&#8243; row_name=&#8221;video&#8221;][vc_column column_width_percent=&#8221;100&#8243; position_vertical=&#8221;middle&#8221; override_padding=&#8221;yes&#8221; column_padding=&#8221;2&#8243; style=&#8221;dark&#8221; overlay_alpha=&#8221;50&#8243; gutter_size=&#8221;3&#8243; medium_width=&#8221;0&#8243; mobile_width=&#8221;0&#8243; shift_x=&#8221;0&#8243; shift_y=&#8221;0&#8243; shift_y_down=&#8221;0&#8243; z_index=&#8221;0&#8243; width=&#8221;6\/12&#8243;][vc_custom_heading heading_semantic=&#8221;h1&#8243; text_size=&#8221;h1&#8243; css_animation=&#8221;left-t-right&#8221;]My Wines[\/vc_custom_heading][vc_separator css_animation=&#8221;left-t-right&#8221; el_height=&#8221;1px&#8221;][vc_column_text css_animation=&#8221;left-t-right&#8221; el_class=&#8221;home_sottotitolo&#8221;]<\/p>\n<h2>02 \/\/<\/h2>\n<p>WATCH VIDEO<\/p>\n<div style=\"display: none;\">\n<p>Bienvenue au carrefour de la mode contemporaine et de l&#8217;excitation des jeux en ligne avec Federico Graziani et le d\u00e9p\u00f4t minimum de 1 euro. Notre passion pour repousser les limites se manifeste dans les cr\u00e9ations innovantes de Fede Graziani, qui fusionnent haute couture et confort au quotidien. Puisant leur inspiration dans des couleurs vibrantes, des textures riches et des motifs uniques, nos collections vous permettent d&#8217;affirmer votre style avec audace.<\/p>\n<p>Mais le style ne se limite pas aux v\u00eatements\u00a0; il s&#8217;agit aussi d&#8217;ajouter du piquant et de l&#8217;impr\u00e9visibilit\u00e9 \u00e0 votre vie. C&#8217;est l\u00e0 qu&#8217;intervient notre partenaire de jeux en ligne, <a href=\"https:\/\/thenationonlineng.net\/casino-en-ligne\/depot-minimum-1\/\">thenationonlineng.net\/casino-en-ligne\/depot-minimum-1\/<\/a>. Alliant le frisson du jeu \u00e0 la praticit\u00e9 des plateformes en ligne, il vous offre l&#8217;opportunit\u00e9 d&#8217;ajouter une touche d&#8217;excitation \u00e0 votre quotidien. Avec un d\u00e9p\u00f4t minimum de seulement 1 euro, profitez de moments de jeu de qualit\u00e9 o\u00f9 et quand vous le souhaitez.<\/p>\n<p>Votre style refl\u00e8te votre personnalit\u00e9 et votre style de vie vous d\u00e9finit. Alliant mode avant-gardiste et jeux vid\u00e9o, nous vous offrons le meilleur des deux mondes. Rendez-vous chez Federico Graziani pour vos envies mode et sur notre casino en ligne pour une dose d&#8217;adr\u00e9naline. Plongez d\u00e8s aujourd&#8217;hui dans un univers o\u00f9 style et divertissement se rencontrent\u00a0!<\/p>\n<\/div>\n<p>[\/vc_column_text][vc_icon icon_image=&#8221;1631&#8243; css_animation=&#8221;left-t-right&#8221; media_lightbox=&#8221;1639&#8243;][\/vc_icon][\/vc_column][vc_column column_width_percent=&#8221;100&#8243; position_vertical=&#8221;middle&#8221; override_padding=&#8221;yes&#8221; column_padding=&#8221;3&#8243; style=&#8221;dark&#8221; overlay_alpha=&#8221;50&#8243; gutter_size=&#8221;3&#8243; medium_width=&#8221;0&#8243; mobile_width=&#8221;0&#8243; shift_x=&#8221;0&#8243; shift_y=&#8221;0&#8243; shift_y_down=&#8221;0&#8243; z_index=&#8221;0&#8243; width=&#8221;6\/12&#8243;][\/vc_column][\/vc_row][vc_row row_height_percent=&#8221;100&#8243; back_color=&#8221;color-prif&#8221; back_image=&#8221;10&#8243; overlay_color=&#8221;color-jevc&#8221; overlay_alpha=&#8221;40&#8243; gutter_size=&#8221;4&#8243; column_width_percent=&#8221;100&#8243; shift_y=&#8221;0&#8243; z_index=&#8221;0&#8243; row_name=&#8221;the territory&#8221;][vc_column column_width_percent=&#8221;100&#8243; position_vertical=&#8221;middle&#8221; override_padding=&#8221;yes&#8221; column_padding=&#8221;2&#8243; style=&#8221;dark&#8221; overlay_alpha=&#8221;50&#8243; gutter_size=&#8221;3&#8243; medium_width=&#8221;0&#8243; mobile_width=&#8221;0&#8243; shift_x=&#8221;0&#8243; shift_y=&#8221;0&#8243; shift_y_down=&#8221;0&#8243; z_index=&#8221;0&#8243; width=&#8221;6\/12&#8243;][vc_custom_heading heading_semantic=&#8221;h1&#8243; text_size=&#8221;h1&#8243; css_animation=&#8221;left-t-right&#8221;]My vineyards are located on the slopes of mount Etna, a mysterious and special place[\/vc_custom_heading][vc_separator css_animation=&#8221;left-t-right&#8221; el_height=&#8221;1px&#8221;][vc_column_text css_animation=&#8221;left-t-right&#8221; el_class=&#8221;home_sottotitolo&#8221;]<\/p>\n<h2>03 \/\/<\/h2>\n<p><a href=\"http:\/\/fedegraziani.it\/en\/the-territory\/\">THE TERRITORY<\/a>[\/vc_column_text][\/vc_column][vc_column column_width_percent=&#8221;100&#8243; position_vertical=&#8221;middle&#8221; override_padding=&#8221;yes&#8221; column_padding=&#8221;3&#8243; style=&#8221;dark&#8221; overlay_alpha=&#8221;50&#8243; gutter_size=&#8221;3&#8243; medium_width=&#8221;0&#8243; mobile_width=&#8221;0&#8243; shift_x=&#8221;0&#8243; shift_y=&#8221;0&#8243; shift_y_down=&#8221;0&#8243; z_index=&#8221;0&#8243; width=&#8221;6\/12&#8243;][\/vc_column][\/vc_row][vc_row row_height_percent=&#8221;100&#8243; back_color=&#8221;color-prif&#8221; back_image=&#8221;11&#8243; overlay_color=&#8221;color-jevc&#8221; overlay_alpha=&#8221;40&#8243; gutter_size=&#8221;3&#8243; column_width_percent=&#8221;100&#8243; shift_y=&#8221;0&#8243; z_index=&#8221;0&#8243; row_name=&#8221;federico graziani&#8221;][vc_column column_width_percent=&#8221;100&#8243; position_vertical=&#8221;middle&#8221; style=&#8221;dark&#8221; overlay_alpha=&#8221;50&#8243; gutter_size=&#8221;3&#8243; medium_width=&#8221;0&#8243; mobile_width=&#8221;0&#8243; shift_x=&#8221;0&#8243; shift_y=&#8221;0&#8243; shift_y_down=&#8221;0&#8243; z_index=&#8221;0&#8243; width=&#8221;6\/12&#8243;][vc_custom_heading heading_semantic=&#8221;h1&#8243; text_size=&#8221;h1&#8243; css_animation=&#8221;left-t-right&#8221;]A wine does not need to be perfect.<br \/>\nIt needs to be authentic.[\/vc_custom_heading][vc_separator css_animation=&#8221;left-t-right&#8221; el_height=&#8221;2&#8243;][vc_column_text css_animation=&#8221;left-t-right&#8221; el_class=&#8221;home_sottotitolo&#8221;]<\/p>\n<h2>04 \/\/<\/h2>\n<p><a href=\"http:\/\/fedegraziani.it\/en\/federico-graziani\/\">FEDERICO GRAZIANI<\/a>[\/vc_column_text][\/vc_column][vc_column width=&#8221;6\/12&#8243;][\/vc_column][\/vc_row][vc_row row_height_percent=&#8221;100&#8243; back_color=&#8221;color-prif&#8221; back_image=&#8221;345&#8243; overlay_color=&#8221;color-jevc&#8221; overlay_alpha=&#8221;40&#8243; gutter_size=&#8221;3&#8243; column_width_percent=&#8221;100&#8243; shift_y=&#8221;0&#8243; z_index=&#8221;0&#8243; row_name=&#8221;the vineyards&#8221;][vc_column column_width_percent=&#8221;100&#8243; position_vertical=&#8221;middle&#8221; style=&#8221;dark&#8221; overlay_alpha=&#8221;50&#8243; gutter_size=&#8221;3&#8243; medium_width=&#8221;0&#8243; mobile_width=&#8221;0&#8243; shift_x=&#8221;0&#8243; shift_y=&#8221;0&#8243; shift_y_down=&#8221;0&#8243; z_index=&#8221;0&#8243; width=&#8221;6\/12&#8243;][vc_custom_heading heading_semantic=&#8221;h1&#8243; text_size=&#8221;h1&#8243; css_animation=&#8221;left-t-right&#8221;]A taste from antiquity[\/vc_custom_heading][vc_separator css_animation=&#8221;left-t-right&#8221; el_height=&#8221;2&#8243;][vc_column_text css_animation=&#8221;left-t-right&#8221; el_class=&#8221;home_sottotitolo&#8221;]<\/p>\n<h2>05 \/\/<\/h2>\n<p><a href=\"http:\/\/fedegraziani.it\/en\/the-vineyards\/\">THE VINEYARDS<\/a>[\/vc_column_text][\/vc_column][vc_column width=&#8221;6\/12&#8243;][\/vc_column][\/vc_row][vc_row row_height_percent=&#8221;100&#8243; back_color=&#8221;color-prif&#8221; back_image=&#8221;12&#8243; overlay_color=&#8221;color-jevc&#8221; overlay_alpha=&#8221;40&#8243; gutter_size=&#8221;3&#8243; column_width_percent=&#8221;100&#8243; shift_y=&#8221;0&#8243; z_index=&#8221;0&#8243; row_name=&#8221;contacts&#8221;][vc_column column_width_percent=&#8221;100&#8243; position_vertical=&#8221;middle&#8221; style=&#8221;dark&#8221; overlay_alpha=&#8221;50&#8243; gutter_size=&#8221;3&#8243; medium_width=&#8221;0&#8243; mobile_width=&#8221;0&#8243; shift_x=&#8221;0&#8243; shift_y=&#8221;0&#8243; shift_y_down=&#8221;0&#8243; z_index=&#8221;0&#8243; width=&#8221;6\/12&#8243;][vc_custom_heading heading_semantic=&#8221;h1&#8243; text_size=&#8221;h1&#8243; css_animation=&#8221;left-t-right&#8221;]Contacts[\/vc_custom_heading][vc_separator css_animation=&#8221;left-t-right&#8221; el_height=&#8221;2&#8243;][vc_column_text css_animation=&#8221;left-t-right&#8221; el_class=&#8221;home_sottotitolo&#8221;]<\/p>\n<h2>06 \/\/<\/h2>\n<p><a href=\"http:\/\/fedegraziani.it\/en\/contacts\/\">info@fedegraziani.it<\/a>[\/vc_column_text][\/vc_column][vc_column width=&#8221;6\/12&#8243;][\/vc_column][\/vc_row]<\/p>\n<\/div>","protected":false},"excerpt":{"rendered":"<p>[vc_row row_height_percent=&#8221;100&#8243; back_color=&#8221;color-prif&#8221; back_image=&#8221;1620&#8243; overlay_color=&#8221;color-jevc&#8221; overlay_alpha=&#8221;40&#8243; gutter_size=&#8221;4&#8243; column_width_percent=&#8221;100&#8243; shift_y=&#8221;0&#8243; z_index=&#8221;0&#8243; row_name=&#8221;video&#8221;][vc_column column_width_percent=&#8221;100&#8243; position_vertical=&#8221;middle&#8221; override_padding=&#8221;yes&#8221; column_padding=&#8221;2&#8243; style=&#8221;dark&#8221; overlay_alpha=&#8221;50&#8243; gutter_size=&#8221;3&#8243; medium_width=&#8221;0&#8243; mobile_width=&#8221;0&#8243; [&hellip;]<\/p>\n","protected":false},"author":3,"featured_media":0,"parent":0,"menu_order":0,"comment_status":"closed","ping_status":"closed","template":"","meta":{"footnotes":""},"class_list":["post-1163","page","type-page","status-publish","hentry"],"_links":{"self":[{"href":"https:\/\/fedegraziani.it\/en\/wp-json\/wp\/v2\/pages\/1163","targetHints":{"allow":["GET"]}}],"collection":[{"href":"https:\/\/fedegraziani.it\/en\/wp-json\/wp\/v2\/pages"}],"about":[{"href":"https:\/\/fedegraziani.it\/en\/wp-json\/wp\/v2\/types\/page"}],"author":[{"embeddable":true,"href":"https:\/\/fedegraziani.it\/en\/wp-json\/wp\/v2\/users\/3"}],"replies":[{"embeddable":true,"href":"https:\/\/fedegraziani.it\/en\/wp-json\/wp\/v2\/comments?post=1163"}],"version-history":[{"count":8,"href":"https:\/\/fedegraziani.it\/en\/wp-json\/wp\/v2\/pages\/1163\/revisions"}],"predecessor-version":[{"id":1860,"href":"https:\/\/fedegraziani.it\/en\/wp-json\/wp\/v2\/pages\/1163\/revisions\/1860"}],"wp:attachment":[{"href":"https:\/\/fedegraziani.it\/en\/wp-json\/wp\/v2\/media?parent=1163"}],"curies":[{"name":"wp","href":"https:\/\/api.w.org\/{rel}","templated":true}]}}